{"id":95,"date":"2023-03-06T19:29:25","date_gmt":"2023-03-06T19:29:25","guid":{"rendered":"http:\/\/alejandroportela.es\/?page_id=95"},"modified":"2025-07-25T08:35:47","modified_gmt":"2025-07-25T08:35:47","slug":"contacto","status":"publish","type":"page","link":"https:\/\/alejandroportela.es\/?page_id=95","title":{"rendered":"CONTACTO"},"content":{"rendered":"\n<p><span style=\"white-space: normal; caret-color: rgb(0, 0, 0); color: rgb(0, 0, 0); font-size: medium;\">Si quieres ponerte en contacto conmigo para contrataciones, colaboraciones, conciertos o cualquier propuesta musical, puedes escribirme a trav\u00e9s del formulario o directamente por correo electr\u00f3nico.<\/span><\/p>\n\n\n\n<form action=\"mailto:alejandroportelamusica@gmail.com\" method=\"post\" enctype=\"text\/plain\">\n  <label>Nombre:<\/label><br>\n  <input type=\"text\" name=\"name\" required><br><br>\n\n  <label>Correo electr\u00f3nico:<\/label><br>\n  <input type=\"email\" name=\"email\" required><br><br>\n\n  <label>Mensaje:<\/label><br>\n  <textarea name=\"message\" rows=\"5\" required><\/textarea><br><br>\n\n  <input type=\"submit\" value=\"Enviar\">\n<\/form>\n\n\n\n<p><strong>Email de contacto:\u00a0<\/strong>alejandroportela.info@gmail.com <br>Me pod\u00e9is encontrar en el resto de redes sociales como:\u00a0<strong>@alejandroportela_<\/strong><\/p>\n\n\n\n<p>Respondo personalmente a todos los mensajes.<br>Gracias por tu inter\u00e9s!<\/p>\n\n\n\n<figure class=\"wp-block-image size-large\"><img loading=\"lazy\" decoding=\"async\" width=\"768\" height=\"1024\" src=\"https:\/\/alejandroportela.es\/wp-content\/uploads\/2025\/07\/IMG_3583-768x1024.jpg\" alt=\"\" class=\"wp-image-246\" srcset=\"https:\/\/alejandroportela.es\/wp-content\/uploads\/2025\/07\/IMG_3583-768x1024.jpg 768w, https:\/\/alejandroportela.es\/wp-content\/uploads\/2025\/07\/IMG_3583-225x300.jpg 225w, https:\/\/alejandroportela.es\/wp-content\/uploads\/2025\/07\/IMG_3583-1152x1536.jpg 1152w, https:\/\/alejandroportela.es\/wp-content\/uploads\/2025\/07\/IMG_3583-1536x2048.jpg 1536w, https:\/\/alejandroportela.es\/wp-content\/uploads\/2025\/07\/IMG_3583-scaled.jpg 1920w\" sizes=\"auto, (max-width: 768px) 100vw, 768px\" \/><\/figure>\n","protected":false},"excerpt":{"rendered":"<p>Si quieres ponerte en contacto conmigo para contrataciones, colaboraciones, conciertos o cualquier propuesta musical, puedes escribirme a trav\u00e9s del formulario o directamente por correo electr\u00f3nico. Nombre: Correo electr\u00f3nico: Mensaje: Email de contacto:\u00a0alejandroportela.info@gmail.com Me pod\u00e9is encontrar en el resto de redes sociales como:\u00a0@alejandroportela_ Respondo personalmente a todos los mensajes.Gracias por tu inter\u00e9s!<\/p>\n","protected":false},"author":1,"featured_media":0,"parent":0,"menu_order":0,"comment_status":"closed","ping_status":"closed","template":"","meta":{"om_disable_all_campaigns":false,"_monsterinsights_skip_tracking":false,"_monsterinsights_sitenote_active":false,"_monsterinsights_sitenote_note":"","_monsterinsights_sitenote_category":0,"footnotes":""},"class_list":["post-95","page","type-page","status-publish","hentry"],"_links":{"self":[{"href":"https:\/\/alejandroportela.es\/index.php?rest_route=\/wp\/v2\/pages\/95","targetHints":{"allow":["GET"]}}],"collection":[{"href":"https:\/\/alejandroportela.es\/index.php?rest_route=\/wp\/v2\/pages"}],"about":[{"href":"https:\/\/alejandroportela.es\/index.php?rest_route=\/wp\/v2\/types\/page"}],"author":[{"embeddable":true,"href":"https:\/\/alejandroportela.es\/index.php?rest_route=\/wp\/v2\/users\/1"}],"replies":[{"embeddable":true,"href":"https:\/\/alejandroportela.es\/index.php?rest_route=%2Fwp%2Fv2%2Fcomments&post=95"}],"version-history":[{"count":3,"href":"https:\/\/alejandroportela.es\/index.php?rest_route=\/wp\/v2\/pages\/95\/revisions"}],"predecessor-version":[{"id":247,"href":"https:\/\/alejandroportela.es\/index.php?rest_route=\/wp\/v2\/pages\/95\/revisions\/247"}],"wp:attachment":[{"href":"https:\/\/alejandroportela.es\/index.php?rest_route=%2Fwp%2Fv2%2Fmedia&parent=95"}],"curies":[{"name":"wp","href":"https:\/\/api.w.org\/{rel}","templated":true}]}}