{"id":83,"date":"2023-03-06T19:18:37","date_gmt":"2023-03-06T19:18:37","guid":{"rendered":"http:\/\/alejandroportela.es\/?page_id=83"},"modified":"2026-01-28T12:51:12","modified_gmt":"2026-01-28T12:51:12","slug":"biografia","status":"publish","type":"page","link":"https:\/\/alejandroportela.es\/?page_id=83","title":{"rendered":"BIOGRAF\u00cdA"},"content":{"rendered":"\n<div class=\"wp-block-columns is-layout-flex wp-container-core-columns-is-layout-28f84493 wp-block-columns-is-layout-flex\">\n<div class=\"wp-block-column is-layout-flow wp-block-column-is-layout-flow\" style=\"flex-basis:100%\">\n<h2 class=\"wp-block-heading\">BIOGRAF\u00cdA<\/h2>\n<\/div>\n<\/div>\n\n\n\n<p class=\"has-text-align-left\">Nacido en Vigo en 2004, comienza sus estudios de clarinete a los ocho a\u00f1os en la Escuela de M\u00fasica de Salceda de Caselas. A los doce accede al Conservatorio Profesional de M\u00fasica de Vigo, donde se forma en clarinete cl\u00e1sico.<\/p>\n\n\n\n<p>En 2019 forma&nbsp;<em>Os de aqu\u00ed<\/em>, una agrupaci\u00f3n con m\u00fasicos de su pueblo con la que act\u00faa en diferentes escenarios de Galicia, como Agolada, Vigo y las fiestas del Cristo de Salceda.<\/p>\n\n\n\n<p>En 2021 lanza su primer \u00e1lbum,&nbsp;<em>Circinus<\/em>, con composiciones propias que alcanzan m\u00e1s de 12.000 reproducciones. Ese mismo a\u00f1o entra en la&nbsp;<em>Imagine Jazz Orchestra<\/em>&nbsp;como saxofonista bar\u00edtono, bajo la direcci\u00f3n de Joan Chamorro, y se une a la Banda Filarm\u00f3nica de Arcos de Valdevez (Portugal).<\/p>\n\n\n\n<p>A partir de 2022 ampl\u00eda su formaci\u00f3n en el&nbsp;<em>Seminario Permanente de Jazz<\/em>&nbsp;en Pontevedra, recibiendo clases de Abe R\u00e1bade, Paco Charl\u00edn o Virxilio da Silva. En marzo de 2023 publica su segundo trabajo discogr\u00e1fico:&nbsp;<em>Manhattan Mood<\/em>.<\/p>\n\n\n\n<figure class=\"wp-block-image aligncenter size-large is-resized\"><img loading=\"lazy\" decoding=\"async\" width=\"1024\" height=\"1024\" src=\"https:\/\/alejandroportela.es\/wp-content\/uploads\/2023\/03\/Manhattan-Mood-1-1024x1024.png\" alt=\"\" class=\"wp-image-61\" style=\"width:366px;height:auto\" srcset=\"https:\/\/alejandroportela.es\/wp-content\/uploads\/2023\/03\/Manhattan-Mood-1-1024x1024.png 1024w, https:\/\/alejandroportela.es\/wp-content\/uploads\/2023\/03\/Manhattan-Mood-1-300x300.png 300w, https:\/\/alejandroportela.es\/wp-content\/uploads\/2023\/03\/Manhattan-Mood-1-150x150.png 150w, https:\/\/alejandroportela.es\/wp-content\/uploads\/2023\/03\/Manhattan-Mood-1-768x768.png 768w, https:\/\/alejandroportela.es\/wp-content\/uploads\/2023\/03\/Manhattan-Mood-1-1536x1536.png 1536w, https:\/\/alejandroportela.es\/wp-content\/uploads\/2023\/03\/Manhattan-Mood-1-2048x2048.png 2048w, https:\/\/alejandroportela.es\/wp-content\/uploads\/2023\/03\/Manhattan-Mood-1-100x100.png 100w\" sizes=\"auto, (max-width: 1024px) 100vw, 1024px\" \/><figcaption class=\"wp-element-caption\"><em>Portada del disco Manhattan Mood<\/em><\/figcaption><\/figure>\n\n\n\n<p>Ese mismo a\u00f1o concluye sus estudios profesionales en el Conservatorio de Vigo, recibiendo el Premio Fin de Grado en clarinete. Tambi\u00e9n se forma como clarinetista del <em>SPJ Group &amp; Gonzalo del Val Combo<\/em> para un concierto en Pontevedra.<\/p>\n\n\n\n<p class=\"has-text-align-left\">En enero de 2025 participa en el&nbsp;<em>ESMUC Jazz Project<\/em>&nbsp;como clarinete bajo, en una colaboraci\u00f3n con la saxofonista chilena Melissa Aldana.<\/p>\n\n\n\n<p>A mediados de 2025 forma su primer quinteto junto al vocalista Petar Terziev, donde tocan m\u00fasica original escrita por ambos. Han tocado en distintas ciudades de Bulgaria entre 2025 y 2026<\/p>\n\n\n\n<p class=\"has-text-align-left\">Actualmente estudia clarinete jazz en la ESMUC (Barcelona), donde recibe clases de m\u00fasicos destacados como Gabriel Amargant, Santi de la Rubia y N\u00e9stor Gim\u00e9nez.<\/p>\n\n\n\n<div class=\"wp-block-buttons is-layout-flex wp-block-buttons-is-layout-flex\">\n<div class=\"wp-block-button\"><a class=\"wp-block-button__link wp-element-button\" href=\"https:\/\/youtu.be\/BKGMhpvqf2c?si=kkfC3ECQv-VaRxhR\">Esmuc Jazz Project <\/a><\/div>\n\n\n\n<div class=\"wp-block-button\"><a class=\"wp-block-button__link wp-element-button\" href=\"https:\/\/hyperfollow.com\/allalbums\">Albums<\/a><\/div>\n\n\n\n<div class=\"wp-block-button\"><a class=\"wp-block-button__link wp-element-button\">Portela &amp; Terziev<\/a><\/div>\n<\/div>\n\n\n\n<hr class=\"wp-block-separator has-alpha-channel-opacity\"\/>\n\n\n\n<figure class=\"wp-block-image size-large is-style-default\"><img loading=\"lazy\" decoding=\"async\" width=\"768\" height=\"1024\" src=\"https:\/\/alejandroportela.es\/wp-content\/uploads\/2025\/07\/IMG_8626-768x1024.jpg\" alt=\"\" class=\"wp-image-164\" srcset=\"https:\/\/alejandroportela.es\/wp-content\/uploads\/2025\/07\/IMG_8626-768x1024.jpg 768w, https:\/\/alejandroportela.es\/wp-content\/uploads\/2025\/07\/IMG_8626-225x300.jpg 225w, https:\/\/alejandroportela.es\/wp-content\/uploads\/2025\/07\/IMG_8626-1152x1536.jpg 1152w, https:\/\/alejandroportela.es\/wp-content\/uploads\/2025\/07\/IMG_8626-1536x2048.jpg 1536w, https:\/\/alejandroportela.es\/wp-content\/uploads\/2025\/07\/IMG_8626-scaled.jpg 1920w\" sizes=\"auto, (max-width: 768px) 100vw, 768px\" \/><\/figure>\n","protected":false},"excerpt":{"rendered":"<p>BIOGRAF\u00cdA Nacido en Vigo en 2004, comienza sus estudios de clarinete a los ocho a\u00f1os en la Escuela de M\u00fasica de Salceda de Caselas. A los doce accede al Conservatorio Profesional de M\u00fasica de Vigo, donde se forma en clarinete cl\u00e1sico. En 2019 forma&nbsp;Os de aqu\u00ed, una agrupaci\u00f3n con m\u00fasicos de su pueblo con la [&hellip;]<\/p>\n","protected":false},"author":1,"featured_media":0,"parent":0,"menu_order":0,"comment_status":"closed","ping_status":"closed","template":"","meta":{"om_disable_all_campaigns":false,"_monsterinsights_skip_tracking":false,"_monsterinsights_sitenote_active":false,"_monsterinsights_sitenote_note":"","_monsterinsights_sitenote_category":0,"footnotes":""},"class_list":["post-83","page","type-page","status-publish","hentry"],"_links":{"self":[{"href":"https:\/\/alejandroportela.es\/index.php?rest_route=\/wp\/v2\/pages\/83","targetHints":{"allow":["GET"]}}],"collection":[{"href":"https:\/\/alejandroportela.es\/index.php?rest_route=\/wp\/v2\/pages"}],"about":[{"href":"https:\/\/alejandroportela.es\/index.php?rest_route=\/wp\/v2\/types\/page"}],"author":[{"embeddable":true,"href":"https:\/\/alejandroportela.es\/index.php?rest_route=\/wp\/v2\/users\/1"}],"replies":[{"embeddable":true,"href":"https:\/\/alejandroportela.es\/index.php?rest_route=%2Fwp%2Fv2%2Fcomments&post=83"}],"version-history":[{"count":21,"href":"https:\/\/alejandroportela.es\/index.php?rest_route=\/wp\/v2\/pages\/83\/revisions"}],"predecessor-version":[{"id":282,"href":"https:\/\/alejandroportela.es\/index.php?rest_route=\/wp\/v2\/pages\/83\/revisions\/282"}],"wp:attachment":[{"href":"https:\/\/alejandroportela.es\/index.php?rest_route=%2Fwp%2Fv2%2Fmedia&parent=83"}],"curies":[{"name":"wp","href":"https:\/\/api.w.org\/{rel}","templated":true}]}}