{"id":248,"date":"2025-07-25T08:38:11","date_gmt":"2025-07-25T08:38:11","guid":{"rendered":"https:\/\/alejandroportela.es\/?page_id=248"},"modified":"2025-07-28T18:38:18","modified_gmt":"2025-07-28T18:38:18","slug":"composer-arranger","status":"publish","type":"page","link":"https:\/\/alejandroportela.es\/?page_id=248","title":{"rendered":"COMPOSER &amp; ARRANGER"},"content":{"rendered":"\n<h2 class=\"wp-block-heading\">Composer &amp; Arranger<\/h2>\n\n\n\n<h4 class=\"wp-block-heading\"><em>Arreglos y rearmonizaciones<\/em> <em>para ensemble de clarinetes<\/em><\/h4>\n\n\n\n<p>Desde siempre me ha gustado arreglar temas para tocarlos con mi grupo, proyecto o grabarlos en multitrack. En esta p\u00e1gina encontrar\u00e1s mis arreglos y alguna composici\u00f3n original, para distintas formaciones, pero manteniendo el clarinete como punto de uni\u00f3n.<\/p>\n\n\n\n<h3 class=\"wp-block-heading\">After you&#8217;ve gone &#8211; Lluc Casares<\/h3>\n\n\n\n<p><strong>Instrumentaci\u00f3n:<\/strong><br>&#8211; 4 clarinetes en Bb<br>&#8211; Clarinete bajo<br>-Bateria y contrabajo (opcional)<br><strong>Dificultad:<\/strong> 7 (Dif\u00edcil)<br><strong>Duraci\u00f3n: <\/strong>2&#8242; 30\u00bb<br><strong>Notas:<\/strong> Arreglo del tema <em>After you&#8217;ve gone<\/em>, la versi\u00f3n de Lluc Casares, con tema y su solo armonizado y arreglado para quinteto de clarinetes <\/p>\n\n\n\n<figure class=\"wp-block-embed is-type-video is-provider-youtube wp-block-embed-youtube wp-embed-aspect-16-9 wp-has-aspect-ratio\"><div class=\"wp-block-embed__wrapper\">\n<iframe loading=\"lazy\" title=\"Lluc Casares&#039; KILLER Solo on &quot;After you&#039;ve gone&quot; | Arranged for Clarinet 5tet\" width=\"500\" height=\"281\" src=\"https:\/\/www.youtube.com\/embed\/ze85PReoWg0?feature=oembed\" frameborder=\"0\" allow=\"accelerometer; autoplay; clipboard-write; encrypted-media; gyroscope; picture-in-picture; web-share\" referrerpolicy=\"strict-origin-when-cross-origin\" allowfullscreen><\/iframe>\n<\/div><\/figure>\n\n\n\n<h3 class=\"wp-block-heading\">Donna Lee &#8211; Charlie Parker<\/h3>\n\n\n\n<p><strong>Instrumentaci\u00f3n<\/strong>:<br> &#8211; 4 clarinetes en Bb<br> &#8211; Clarinete bajo<br><strong>Dificultad: <\/strong>5 (Intermedio)<br><strong>Duraci\u00f3n: <\/strong>3&#8217;45\u00bb<br><strong>Notas: <\/strong>Arreglo del tema <em>Donna Lee<\/em>, de Charlie Parker armonizado para 5 clarinetes. Contiene el tema, secci\u00f3n de solos, un soli (el solo de Parker armonizado) y el Head-out.<\/p>\n\n\n\n<figure class=\"wp-block-embed is-type-video is-provider-youtube wp-block-embed-youtube wp-embed-aspect-16-9 wp-has-aspect-ratio\"><div class=\"wp-block-embed__wrapper\">\n<iframe loading=\"lazy\" title=\"Donna Lee by Charlie Paker | Clarinet Quintet Version\" width=\"500\" height=\"281\" src=\"https:\/\/www.youtube.com\/embed\/7fLT4jwUcJ8?feature=oembed\" frameborder=\"0\" allow=\"accelerometer; autoplay; clipboard-write; encrypted-media; gyroscope; picture-in-picture; web-share\" referrerpolicy=\"strict-origin-when-cross-origin\" allowfullscreen><\/iframe>\n<\/div><\/figure>\n\n\n\n<h3 class=\"wp-block-heading\">The Yellow Jacket &#8211; Shaun Martin<\/h3>\n\n\n\n<p><strong>Instrumentaci\u00f3n<\/strong>:<br>&#8211; 4 clarinetes en Bb<br>&#8211; Clarinete bajo<br><strong>Dificultad: <\/strong>4 (Intermedio)<br><strong>Duraci\u00f3n: <\/strong>3&#8217;50\u00bb<br><strong>Notas: <\/strong>Arreglo del tema <em>The Yellow Jacket<\/em>, de Shaun Martin para 5 clarinetes. Contiene el tema, secci\u00f3n de solos y el Head-out.<\/p>\n\n\n\n<figure class=\"wp-block-embed is-type-video is-provider-youtube wp-block-embed-youtube wp-embed-aspect-16-9 wp-has-aspect-ratio\"><div class=\"wp-block-embed__wrapper\">\n<iframe loading=\"lazy\" title=\"Yellow Jacket - Shaun Martin Tribute | Clarinet Quintet Version\" width=\"500\" height=\"281\" src=\"https:\/\/www.youtube.com\/embed\/MjuKnHbAoCU?feature=oembed\" frameborder=\"0\" allow=\"accelerometer; autoplay; clipboard-write; encrypted-media; gyroscope; picture-in-picture; web-share\" referrerpolicy=\"strict-origin-when-cross-origin\" allowfullscreen><\/iframe>\n<\/div><\/figure>\n\n\n\n<h3 class=\"wp-block-heading\">Back In Home Again &#8211; Alejandro Portela<\/h3>\n\n\n\n<p><strong>Instrumentaci\u00f3n<\/strong>:<br>&#8211; 10 clarinetes en Bb (5 voces pero con divis. cada una)<br>&#8211; Clarinete bajo<br><strong>Dificultad: <\/strong>3 (F\u00e1cil)<br><strong>Duraci\u00f3n: <\/strong>2&#8217;25\u00bb<br><strong>Notas: <\/strong>Arreglo de una composici\u00f3n de Alejandro Portela (<em>Back in Home Again<\/em>). No contiene secciones improvisadas (al final hay la opci\u00f3n en el clarinete 1).<\/p>\n\n\n\n<figure class=\"wp-block-embed is-type-video is-provider-youtube wp-block-embed-youtube wp-embed-aspect-16-9 wp-has-aspect-ratio\"><div class=\"wp-block-embed__wrapper\">\n<iframe loading=\"lazy\" title=\"Alejandro Portela - Back In Home Again (Official Video)\" width=\"500\" height=\"281\" src=\"https:\/\/www.youtube.com\/embed\/j40hV-830bE?feature=oembed\" frameborder=\"0\" allow=\"accelerometer; autoplay; clipboard-write; encrypted-media; gyroscope; picture-in-picture; web-share\" referrerpolicy=\"strict-origin-when-cross-origin\" allowfullscreen><\/iframe>\n<\/div><\/figure>\n","protected":false},"excerpt":{"rendered":"<p>Composer &amp; Arranger Arreglos y rearmonizaciones para ensemble de clarinetes Desde siempre me ha gustado arreglar temas para tocarlos con mi grupo, proyecto o grabarlos en multitrack. En esta p\u00e1gina encontrar\u00e1s mis arreglos y alguna composici\u00f3n original, para distintas formaciones, pero manteniendo el clarinete como punto de uni\u00f3n. After you&#8217;ve gone &#8211; Lluc Casares Instrumentaci\u00f3n:&#8211; [&hellip;]<\/p>\n","protected":false},"author":1,"featured_media":0,"parent":0,"menu_order":0,"comment_status":"closed","ping_status":"closed","template":"","meta":{"om_disable_all_campaigns":false,"_monsterinsights_skip_tracking":false,"_monsterinsights_sitenote_active":false,"_monsterinsights_sitenote_note":"","_monsterinsights_sitenote_category":0,"footnotes":""},"class_list":["post-248","page","type-page","status-publish","hentry"],"_links":{"self":[{"href":"https:\/\/alejandroportela.es\/index.php?rest_route=\/wp\/v2\/pages\/248","targetHints":{"allow":["GET"]}}],"collection":[{"href":"https:\/\/alejandroportela.es\/index.php?rest_route=\/wp\/v2\/pages"}],"about":[{"href":"https:\/\/alejandroportela.es\/index.php?rest_route=\/wp\/v2\/types\/page"}],"author":[{"embeddable":true,"href":"https:\/\/alejandroportela.es\/index.php?rest_route=\/wp\/v2\/users\/1"}],"replies":[{"embeddable":true,"href":"https:\/\/alejandroportela.es\/index.php?rest_route=%2Fwp%2Fv2%2Fcomments&post=248"}],"version-history":[{"count":4,"href":"https:\/\/alejandroportela.es\/index.php?rest_route=\/wp\/v2\/pages\/248\/revisions"}],"predecessor-version":[{"id":256,"href":"https:\/\/alejandroportela.es\/index.php?rest_route=\/wp\/v2\/pages\/248\/revisions\/256"}],"wp:attachment":[{"href":"https:\/\/alejandroportela.es\/index.php?rest_route=%2Fwp%2Fv2%2Fmedia&parent=248"}],"curies":[{"name":"wp","href":"https:\/\/api.w.org\/{rel}","templated":true}]}}