{"id":183,"date":"2025-07-09T16:58:10","date_gmt":"2025-07-09T16:58:10","guid":{"rendered":"https:\/\/alejandroportela.es\/?page_id=183"},"modified":"2026-01-28T12:24:40","modified_gmt":"2026-01-28T12:24:40","slug":"portela-terziev-quintet","status":"publish","type":"page","link":"https:\/\/alejandroportela.es\/?page_id=183","title":{"rendered":"Portela &amp; Terziev Quintet"},"content":{"rendered":"\n<h2 class=\"wp-block-heading\">Portela &amp; Terziev Quintet<\/h2>\n\n\n\n<figure class=\"wp-block-image aligncenter size-large\"><img loading=\"lazy\" decoding=\"async\" width=\"1024\" height=\"683\" src=\"https:\/\/alejandroportela.es\/wp-content\/uploads\/2026\/01\/02-1024x683.jpg\" alt=\"\" class=\"wp-image-263\" srcset=\"https:\/\/alejandroportela.es\/wp-content\/uploads\/2026\/01\/02-1024x683.jpg 1024w, https:\/\/alejandroportela.es\/wp-content\/uploads\/2026\/01\/02-300x200.jpg 300w, https:\/\/alejandroportela.es\/wp-content\/uploads\/2026\/01\/02-768x512.jpg 768w, https:\/\/alejandroportela.es\/wp-content\/uploads\/2026\/01\/02-1536x1024.jpg 1536w, https:\/\/alejandroportela.es\/wp-content\/uploads\/2026\/01\/02-2048x1365.jpg 2048w\" sizes=\"auto, (max-width: 1024px) 100vw, 1024px\" \/><\/figure>\n\n\n\n<p>Alejandro Portela (clarinete bajo) y Petar Terziev (voz) se conocen en Barcelona mientras estudian jazz juntos en la ESMUC. Pronto descubren que la combinaci\u00f3n sonora de sus instrumentos crea una fusi\u00f3n \u00fanica, poco explotada en el jazz o la tradici\u00f3n moderna. La voz  bar\u00edtono de Terziev se interpreta como si fuera un instrumento m\u00e1s y, junto con el clarinete bajo, lleva a un viaje de sonidos llenos de matices e improvisaci\u00f3n.<\/p>\n\n\n\n<p>Portela y Terziev interpretan m\u00fasica original, compuesta a partir de vivencias de ambos. Los dos j\u00f3venes m\u00fasicos comparten una visi\u00f3n del jazz moderno, inspir\u00e1ndose en m\u00fasicos como Brian Blade, Kenny Garrett, Immanuel Wilkins y muchos m\u00e1s.<\/p>\n\n\n\n<figure class=\"wp-block-embed is-type-video is-provider-youtube wp-block-embed-youtube wp-embed-aspect-16-9 wp-has-aspect-ratio\"><div class=\"wp-block-embed__wrapper\">\n<iframe loading=\"lazy\" title=\"Introspection | Portela &amp; Terziev Quintet | Live in Plovdiv (Bulgaria)\" width=\"500\" height=\"281\" src=\"https:\/\/www.youtube.com\/embed\/1Gaa_4L8Tes?feature=oembed\" frameborder=\"0\" allow=\"accelerometer; autoplay; clipboard-write; encrypted-media; gyroscope; picture-in-picture; web-share\" referrerpolicy=\"strict-origin-when-cross-origin\" allowfullscreen><\/iframe>\n<\/div><figcaption class=\"wp-element-caption\"><em>Fragmento en directo del concierto celebrado en el Bebop Caf\u00e9 de Plovdiv (Bulgaria), el 5 de junio de 2025.<\/em><\/figcaption><\/figure>\n\n\n\n<p>Alejandro Portela es un joven clarinetista bajo, compositor y arreglista espa\u00f1ol. Actualmente estudiante de la ESMUC de Barcelona, \u200b\u200bha participado en el Esmuc Jazz Project junto a la saxofonista Melissa Aldana, y ha tenido la oportunidad de tocar con m\u00fasicos como Abe R\u00e1bade o Gonzalo del Val. Su m\u00fasica es introspectiva y explora momentos clave de la vida. Sus composiciones se inspiran en la m\u00fasica folcl\u00f3rica gallega, pero tambi\u00e9n en la armon\u00eda del clarinete bajo y la voz.<\/p>\n\n\n\n<p>Petar Terziev es un cantante de Sof\u00eda, Bulgaria, residente actualmente en Barcelona. Ha colaborado con algunos de los m\u00fasicos b\u00falgaros m\u00e1s experimentados, como Vasil Spasov, Dimitar Karamfilov y Velislav Stoyanov, y ha realizado numerosas giras por el pa\u00eds, participando en el Festival de Jazz de Stara Zagora, Jazz Under The Stars y muchos otros.<\/p>\n\n\n\n<figure class=\"wp-block-embed is-type-video is-provider-youtube wp-block-embed-youtube wp-embed-aspect-16-9 wp-has-aspect-ratio\"><div class=\"wp-block-embed__wrapper\">\n<iframe loading=\"lazy\" title=\"Silent Dreams | Portela &amp; Terziev Quintet | Live in Plovdiv (Bulgaria)\" width=\"500\" height=\"281\" src=\"https:\/\/www.youtube.com\/embed\/JsMdznbdrrs?feature=oembed\" frameborder=\"0\" allow=\"accelerometer; autoplay; clipboard-write; encrypted-media; gyroscope; picture-in-picture; web-share\" referrerpolicy=\"strict-origin-when-cross-origin\" allowfullscreen><\/iframe>\n<\/div><figcaption class=\"wp-element-caption\"><em>Fragmento en directo del concierto celebrado en el Bebop Caf\u00e9 de Plovdiv (Bulgaria), el 5 de junio de 2025.<\/em><\/figcaption><\/figure>\n\n\n\n<p>El grupo se forma en 2025 y debuta con una minigira por Bulgaria, con actuaciones en Sof\u00eda, Plovdiv y Veliko Tarnovo.<\/p>\n\n\n\n<p>El quinteto presenta un concierto de\u00a060 a 75 minutos\u00a0de duraci\u00f3n, adaptable tanto a\u00a0festivales\u00a0como a\u00a0salas y auditorios.<br>La propuesta se centra en el directo, combinando la energ\u00eda del jazz contempor\u00e1neo con momentos de gran expresividad y contraste din\u00e1mico.<\/p>\n\n\n\n<p>El formato alterna secciones de plena intensidad, donde el\u00a0clarinete bajo y el ensemble\u00a0despliegan toda su fuerza sonora, con pasajes m\u00e1s \u00edntimos en\u00a0formato d\u00fao de voz y clarinete, que revelan la esencia del proyecto y refuerzan la conexi\u00f3n con el p\u00fablico.<\/p>\n\n\n\n<p>Formaci\u00f3n\u00a0ac\u00fastica, con\u00a0rider t\u00e9cnico sencillo, adaptable a distintos espacios y contextos de programaci\u00f3n.<\/p>\n\n\n\n<p>Si quieres programar al quinteto o recibir m\u00e1s informaci\u00f3n:<\/p>\n\n\n\n<p>portelaterzievquintet@gmail.com<\/p>\n\n\n\n<figure class=\"wp-block-image aligncenter size-large\"><img loading=\"lazy\" decoding=\"async\" width=\"1024\" height=\"683\" src=\"https:\/\/alejandroportela.es\/wp-content\/uploads\/2026\/01\/03-1024x683.jpg\" alt=\"\" class=\"wp-image-265\" srcset=\"https:\/\/alejandroportela.es\/wp-content\/uploads\/2026\/01\/03-1024x683.jpg 1024w, https:\/\/alejandroportela.es\/wp-content\/uploads\/2026\/01\/03-300x200.jpg 300w, https:\/\/alejandroportela.es\/wp-content\/uploads\/2026\/01\/03-768x512.jpg 768w, https:\/\/alejandroportela.es\/wp-content\/uploads\/2026\/01\/03-1536x1024.jpg 1536w, https:\/\/alejandroportela.es\/wp-content\/uploads\/2026\/01\/03-2048x1365.jpg 2048w\" sizes=\"auto, (max-width: 1024px) 100vw, 1024px\" \/><\/figure>\n\n\n\n<div class=\"wp-block-buttons is-layout-flex wp-block-buttons-is-layout-flex\">\n<div class=\"wp-block-button\"><a class=\"wp-block-button__link wp-element-button\" href=\"https:\/\/alejandroportela.es\/wp-content\/uploads\/2026\/01\/Dorsier_Portela_Terziev_2026.pdf\">Dossier\/EPK <\/a><\/div>\n\n\n\n<div class=\"wp-block-button\"><a class=\"wp-block-button__link wp-element-button\" href=\"https:\/\/youtube.com\/playlist?list=PLRci-ukOejRo4qnVIiIKk8ZAhZqx3Gq8d&amp;si=HsSKaNz30NmMyo6G\">YouTube<\/a><\/div>\n<\/div>\n\n\n\n<p><\/p>\n","protected":false},"excerpt":{"rendered":"<p>Portela &amp; Terziev Quintet Alejandro Portela (clarinete bajo) y Petar Terziev (voz) se conocen en Barcelona mientras estudian jazz juntos en la ESMUC. Pronto descubren que la combinaci\u00f3n sonora de sus instrumentos crea una fusi\u00f3n \u00fanica, poco explotada en el jazz o la tradici\u00f3n moderna. La voz bar\u00edtono de Terziev se interpreta como si fuera [&hellip;]<\/p>\n","protected":false},"author":1,"featured_media":0,"parent":0,"menu_order":0,"comment_status":"closed","ping_status":"closed","template":"","meta":{"om_disable_all_campaigns":false,"_monsterinsights_skip_tracking":false,"_monsterinsights_sitenote_active":false,"_monsterinsights_sitenote_note":"","_monsterinsights_sitenote_category":0,"footnotes":""},"class_list":["post-183","page","type-page","status-publish","hentry"],"_links":{"self":[{"href":"https:\/\/alejandroportela.es\/index.php?rest_route=\/wp\/v2\/pages\/183","targetHints":{"allow":["GET"]}}],"collection":[{"href":"https:\/\/alejandroportela.es\/index.php?rest_route=\/wp\/v2\/pages"}],"about":[{"href":"https:\/\/alejandroportela.es\/index.php?rest_route=\/wp\/v2\/types\/page"}],"author":[{"embeddable":true,"href":"https:\/\/alejandroportela.es\/index.php?rest_route=\/wp\/v2\/users\/1"}],"replies":[{"embeddable":true,"href":"https:\/\/alejandroportela.es\/index.php?rest_route=%2Fwp%2Fv2%2Fcomments&post=183"}],"version-history":[{"count":6,"href":"https:\/\/alejandroportela.es\/index.php?rest_route=\/wp\/v2\/pages\/183\/revisions"}],"predecessor-version":[{"id":268,"href":"https:\/\/alejandroportela.es\/index.php?rest_route=\/wp\/v2\/pages\/183\/revisions\/268"}],"wp:attachment":[{"href":"https:\/\/alejandroportela.es\/index.php?rest_route=%2Fwp%2Fv2%2Fmedia&parent=183"}],"curies":[{"name":"wp","href":"https:\/\/api.w.org\/{rel}","templated":true}]}}