{"id":181,"date":"2025-07-09T16:54:40","date_gmt":"2025-07-09T16:54:40","guid":{"rendered":"https:\/\/alejandroportela.es\/?page_id=181"},"modified":"2025-07-09T18:42:29","modified_gmt":"2025-07-09T18:42:29","slug":"proyectos","status":"publish","type":"page","link":"https:\/\/alejandroportela.es\/?page_id=181","title":{"rendered":"PROYECTOS"},"content":{"rendered":"\n<h2 class=\"wp-block-heading\">PROYECTOS<\/h2>\n\n\n\n<p>Cada proyecto es un espacio diferente donde el clarinete se convierte en veh\u00edculo de expresi\u00f3n.<br>Desde la libertad del solo hasta la interacci\u00f3n colectiva de un quinteto, estos trabajos reflejan mi b\u00fasqueda art\u00edstica actual: combinar composici\u00f3n, improvisaci\u00f3n y una sonoridad propia.<\/p>\n\n\n\n<h3 class=\"wp-block-heading\">Portela &amp; Terziev Quintet<\/h3>\n\n\n\n<div class=\"wp-block-columns is-layout-flex wp-container-core-columns-is-layout-28f84493 wp-block-columns-is-layout-flex\">\n<div class=\"wp-block-column is-layout-flow wp-block-column-is-layout-flow\">\n<p><strong>Portela &amp; Terziev Quintet<\/strong>\u00a0es un proyecto de jazz contempor\u00e1neo fundado entre Galicia y Bulgaria. Nace del encuentro entre Petar Terziev (voz) y Alejandro Portela (clarinete bajo), y se articula como una formaci\u00f3n sin jerarqu\u00edas donde todos los m\u00fasicos participan del discurso creativo. El repertorio est\u00e1 formado por composiciones originales que exploran el lirismo, el ritmo y la improvisaci\u00f3n, con una est\u00e9tica abierta al riesgo y al silencio. La sonoridad se construye a partir de la combinaci\u00f3n t\u00edmbrica entre la voz y el clarinete bajo, sostenida por una secci\u00f3n r\u00edtmica flexible y org\u00e1nica.<\/p>\n<\/div>\n\n\n\n<div class=\"wp-block-column is-layout-flow wp-block-column-is-layout-flow\">\n<figure class=\"wp-block-image size-large\"><img loading=\"lazy\" decoding=\"async\" width=\"768\" height=\"1024\" src=\"https:\/\/alejandroportela.es\/wp-content\/uploads\/2025\/07\/8d9a870c-f3c9-46e6-b982-39eb2b3f19d8-768x1024.jpg\" alt=\"\" class=\"wp-image-184\" srcset=\"https:\/\/alejandroportela.es\/wp-content\/uploads\/2025\/07\/8d9a870c-f3c9-46e6-b982-39eb2b3f19d8-768x1024.jpg 768w, https:\/\/alejandroportela.es\/wp-content\/uploads\/2025\/07\/8d9a870c-f3c9-46e6-b982-39eb2b3f19d8-225x300.jpg 225w, https:\/\/alejandroportela.es\/wp-content\/uploads\/2025\/07\/8d9a870c-f3c9-46e6-b982-39eb2b3f19d8-1152x1536.jpg 1152w, https:\/\/alejandroportela.es\/wp-content\/uploads\/2025\/07\/8d9a870c-f3c9-46e6-b982-39eb2b3f19d8.jpg 1200w\" sizes=\"auto, (max-width: 768px) 100vw, 768px\" \/><\/figure>\n<\/div>\n<\/div>\n\n\n\n<div class=\"wp-block-buttons is-layout-flex wp-block-buttons-is-layout-flex\">\n<div class=\"wp-block-button\"><a class=\"wp-block-button__link wp-element-button\" href=\"https:\/\/alejandroportela.es\/?page_id=183\">Saber m\u00e1s&#8230;<\/a><\/div>\n<\/div>\n\n\n\n<h3 class=\"wp-block-heading\">Alejandro Portela &#8211; Solo<\/h3>\n\n\n\n<div class=\"wp-block-columns is-layout-flex wp-container-core-columns-is-layout-28f84493 wp-block-columns-is-layout-flex\">\n<div class=\"wp-block-column is-layout-flow wp-block-column-is-layout-flow\">\n<p>Este proyecto nace de la necesidad de crear de forma aut\u00f3noma, sin filtros ni intermediarios. En \u00e9l compongo, interpreto, grabo y produzco cada pieza. El resultado es una m\u00fasica construida por capas, donde conviven lo improvisado y lo escrito, lo \u00edntimo y lo atmosf\u00e9rico. Las influencias van desde el jazz hasta el folclore, pasando por el minimalismo, la m\u00fasica contempor\u00e1nea o la cinematogr\u00e1fica. Cada obra es una peque\u00f1a narrativa sonora donde el clarinete se convierte en protagonista absoluto. Este proyecto representa tambi\u00e9n una evoluci\u00f3n respecto a mis primeros trabajos (<em>Circinus<\/em>,\u00a0<em>Manhattan Mood<\/em>), incorporando una mirada m\u00e1s profunda, t\u00e9cnica y conceptual.<\/p>\n<\/div>\n\n\n\n<div class=\"wp-block-column is-layout-flow wp-block-column-is-layout-flow\">\n<figure class=\"wp-block-image size-large\"><img loading=\"lazy\" decoding=\"async\" width=\"768\" height=\"1024\" src=\"https:\/\/alejandroportela.es\/wp-content\/uploads\/2025\/07\/IMG_9562-768x1024.jpg\" alt=\"\" class=\"wp-image-234\" srcset=\"https:\/\/alejandroportela.es\/wp-content\/uploads\/2025\/07\/IMG_9562-768x1024.jpg 768w, https:\/\/alejandroportela.es\/wp-content\/uploads\/2025\/07\/IMG_9562-225x300.jpg 225w, https:\/\/alejandroportela.es\/wp-content\/uploads\/2025\/07\/IMG_9562-1152x1536.jpg 1152w, https:\/\/alejandroportela.es\/wp-content\/uploads\/2025\/07\/IMG_9562-1536x2048.jpg 1536w, https:\/\/alejandroportela.es\/wp-content\/uploads\/2025\/07\/IMG_9562-scaled.jpg 1920w\" sizes=\"auto, (max-width: 768px) 100vw, 768px\" \/><\/figure>\n<\/div>\n<\/div>\n\n\n\n<div class=\"wp-block-buttons is-layout-flex wp-block-buttons-is-layout-flex\">\n<div class=\"wp-block-button\"><a class=\"wp-block-button__link wp-element-button\" href=\"https:\/\/alejandroportela.es\/?page_id=225\">Saber m\u00e1s&#8230;<\/a><\/div>\n<\/div>\n\n\n\n<p><\/p>\n","protected":false},"excerpt":{"rendered":"<p>PROYECTOS Cada proyecto es un espacio diferente donde el clarinete se convierte en veh\u00edculo de expresi\u00f3n.Desde la libertad del solo hasta la interacci\u00f3n colectiva de un quinteto, estos trabajos reflejan mi b\u00fasqueda art\u00edstica actual: combinar composici\u00f3n, improvisaci\u00f3n y una sonoridad propia. Portela &amp; Terziev Quintet Portela &amp; Terziev Quintet\u00a0es un proyecto de jazz contempor\u00e1neo fundado [&hellip;]<\/p>\n","protected":false},"author":1,"featured_media":0,"parent":0,"menu_order":0,"comment_status":"closed","ping_status":"closed","template":"","meta":{"om_disable_all_campaigns":false,"_monsterinsights_skip_tracking":false,"_monsterinsights_sitenote_active":false,"_monsterinsights_sitenote_note":"","_monsterinsights_sitenote_category":0,"footnotes":""},"class_list":["post-181","page","type-page","status-publish","hentry"],"_links":{"self":[{"href":"https:\/\/alejandroportela.es\/index.php?rest_route=\/wp\/v2\/pages\/181","targetHints":{"allow":["GET"]}}],"collection":[{"href":"https:\/\/alejandroportela.es\/index.php?rest_route=\/wp\/v2\/pages"}],"about":[{"href":"https:\/\/alejandroportela.es\/index.php?rest_route=\/wp\/v2\/types\/page"}],"author":[{"embeddable":true,"href":"https:\/\/alejandroportela.es\/index.php?rest_route=\/wp\/v2\/users\/1"}],"replies":[{"embeddable":true,"href":"https:\/\/alejandroportela.es\/index.php?rest_route=%2Fwp%2Fv2%2Fcomments&post=181"}],"version-history":[{"count":2,"href":"https:\/\/alejandroportela.es\/index.php?rest_route=\/wp\/v2\/pages\/181\/revisions"}],"predecessor-version":[{"id":235,"href":"https:\/\/alejandroportela.es\/index.php?rest_route=\/wp\/v2\/pages\/181\/revisions\/235"}],"wp:attachment":[{"href":"https:\/\/alejandroportela.es\/index.php?rest_route=%2Fwp%2Fv2%2Fmedia&parent=181"}],"curies":[{"name":"wp","href":"https:\/\/api.w.org\/{rel}","templated":true}]}}